{"id":3980,"date":"2024-06-27T11:37:08","date_gmt":"2024-06-27T09:37:08","guid":{"rendered":"https:\/\/afrique-sud.diplomatie.gov.bf\/?page_id=3980"},"modified":"2024-12-13T14:40:38","modified_gmt":"2024-12-13T13:40:38","slug":"le-personnel","status":"publish","type":"page","link":"https:\/\/afrique-sud.diplomatie.gov.bf\/index.php\/le-personnel\/","title":{"rendered":"Le personnel"},"content":{"rendered":"\t\t<div data-elementor-type=\"wp-page\" data-elementor-id=\"3980\" class=\"elementor elementor-3980\" data-elementor-post-type=\"page\">\n\t\t\t\t<div data-particle_enable=\"false\" data-particle-mobile-disabled=\"false\" class=\"elementor-element elementor-element-4eb88673 e-flex e-con-boxed elementor-invisible e-con e-parent\" data-id=\"4eb88673\" data-element_type=\"container\" data-e-type=\"container\" data-settings=\"{&quot;background_background&quot;:&quot;classic&quot;,&quot;animation&quot;:&quot;slideInLeft&quot;}\">\n\t\t\t\t\t<div class=\"e-con-inner\">\n\t\t<div data-particle_enable=\"false\" data-particle-mobile-disabled=\"false\" class=\"elementor-element elementor-element-7884ee44 e-con-full e-flex elementor-invisible e-con e-child\" data-id=\"7884ee44\" data-element_type=\"container\" data-e-type=\"container\" data-settings=\"{&quot;animation&quot;:&quot;fadeInLeft&quot;}\">\n\t\t\t\t<div class=\"elementor-element elementor-element-493a66f elementor-widget elementor-widget-tg-team\" data-id=\"493a66f\" data-element_type=\"widget\" data-e-type=\"widget\" data-widget_type=\"tg-team.default\">\n\t\t\t\t<div class=\"elementor-widget-container\">\n\t\t\t\t\t\r\n\r\n\r\n        \r\n            <div class=\"row justify-content-center gutter-24\">\r\n                                    <div class=\"col-lg-3 col-md-6 col-sm-8\">\r\n                        <div class=\"team__item-two shine-animate-item\">\r\n                                                            <div class=\"team__thumb-two shine-animate\">\r\n                                    <img decoding=\"async\" src=\"https:\/\/afrique-sud.diplomatie.gov.bf\/wp-content\/uploads\/sites\/47\/2024\/12\/usrrman.png\" alt=\"\">\r\n                                <\/div>\r\n                                                        <div class=\"team__content-two\">\r\n                                <h4 class=\"title\"><a href=\"#\">Membre<\/a><\/h4>\r\n                                                                    <span>Ambassadeur<\/span>\r\n                                                                                                    <div class=\"team__social-two\">\r\n                                        <ul class=\"list-wrap\">\r\n                                            \r\n                                            \r\n                                            \r\n                                                                                            <li>\r\n                                                    <a href=\"#\"><i class=\"fab fa-facebook-f\"><\/i><\/a>\r\n                                                <\/li>\r\n                                            \r\n                                                                                            <li>\r\n                                                    <a href=\"#\"><i class=\"fab fa-twitter\"><\/i><\/a>\r\n                                                <\/li>\r\n                                            \r\n                                                                                            <li>\r\n                                                    <a href=\"#\"><i class=\"fab fa-instagram\"><\/i><\/a>\r\n                                                <\/li>\r\n                                            \r\n                                                                                            <li>\r\n                                                    <a href=\"#\"><i class=\"fab fa-linkedin-in\"><\/i><\/a>\r\n                                                <\/li>\r\n                                            \r\n                                            \r\n                                            \r\n                                            \r\n                                            \r\n                                            \r\n                                            \r\n                                            \r\n                                                                                    <\/ul>\r\n                                    <\/div>\r\n                                                            <\/div>\r\n                        <\/div>\r\n                    <\/div>\r\n                                    <div class=\"col-lg-3 col-md-6 col-sm-8\">\r\n                        <div class=\"team__item-two shine-animate-item\">\r\n                                                            <div class=\"team__thumb-two shine-animate\">\r\n                                    <img decoding=\"async\" src=\"https:\/\/afrique-sud.diplomatie.gov.bf\/wp-content\/uploads\/sites\/47\/2024\/12\/usrrman.png\" alt=\"\">\r\n                                <\/div>\r\n                                                        <div class=\"team__content-two\">\r\n                                <h4 class=\"title\"><a href=\"#\">Membre<\/a><\/h4>\r\n                                                                    <span>Attach\u00e9<\/span>\r\n                                                                                                    <div class=\"team__social-two\">\r\n                                        <ul class=\"list-wrap\">\r\n                                            \r\n                                            \r\n                                            \r\n                                                                                            <li>\r\n                                                    <a href=\"#\"><i class=\"fab fa-facebook-f\"><\/i><\/a>\r\n                                                <\/li>\r\n                                            \r\n                                                                                            <li>\r\n                                                    <a href=\"#\"><i class=\"fab fa-twitter\"><\/i><\/a>\r\n                                                <\/li>\r\n                                            \r\n                                                                                            <li>\r\n                                                    <a href=\"#\"><i class=\"fab fa-instagram\"><\/i><\/a>\r\n                                                <\/li>\r\n                                            \r\n                                                                                            <li>\r\n                                                    <a href=\"#\"><i class=\"fab fa-linkedin-in\"><\/i><\/a>\r\n                                                <\/li>\r\n                                            \r\n                                            \r\n                                            \r\n                                            \r\n                                            \r\n                                            \r\n                                            \r\n                                            \r\n                                                                                    <\/ul>\r\n                                    <\/div>\r\n                                                            <\/div>\r\n                        <\/div>\r\n                    <\/div>\r\n                                    <div class=\"col-lg-3 col-md-6 col-sm-8\">\r\n                        <div class=\"team__item-two shine-animate-item\">\r\n                                                            <div class=\"team__thumb-two shine-animate\">\r\n                                    <img decoding=\"async\" src=\"https:\/\/afrique-sud.diplomatie.gov.bf\/wp-content\/uploads\/sites\/47\/2024\/12\/usrrman.png\" alt=\"\">\r\n                                <\/div>\r\n                                                        <div class=\"team__content-two\">\r\n                                <h4 class=\"title\"><a href=\"#\">Membre<\/a><\/h4>\r\n                                                                    <span>Conseill\u00e9<\/span>\r\n                                                                                                    <div class=\"team__social-two\">\r\n                                        <ul class=\"list-wrap\">\r\n                                            \r\n                                            \r\n                                            \r\n                                                                                            <li>\r\n                                                    <a href=\"#\"><i class=\"fab fa-facebook-f\"><\/i><\/a>\r\n                                                <\/li>\r\n                                            \r\n                                                                                            <li>\r\n                                                    <a href=\"#\"><i class=\"fab fa-twitter\"><\/i><\/a>\r\n                                                <\/li>\r\n                                            \r\n                                                                                            <li>\r\n                                                    <a href=\"#\"><i class=\"fab fa-instagram\"><\/i><\/a>\r\n                                                <\/li>\r\n                                            \r\n                                                                                            <li>\r\n                                                    <a href=\"#\"><i class=\"fab fa-linkedin-in\"><\/i><\/a>\r\n                                                <\/li>\r\n                                            \r\n                                            \r\n                                            \r\n                                            \r\n                                            \r\n                                            \r\n                                            \r\n                                            \r\n                                                                                    <\/ul>\r\n                                    <\/div>\r\n                                                            <\/div>\r\n                        <\/div>\r\n                    <\/div>\r\n                                    <div class=\"col-lg-3 col-md-6 col-sm-8\">\r\n                        <div class=\"team__item-two shine-animate-item\">\r\n                                                            <div class=\"team__thumb-two shine-animate\">\r\n                                    <img decoding=\"async\" src=\"https:\/\/afrique-sud.diplomatie.gov.bf\/wp-content\/uploads\/sites\/47\/2024\/12\/usrrman.png\" alt=\"\">\r\n                                <\/div>\r\n                                                        <div class=\"team__content-two\">\r\n                                <h4 class=\"title\"><a href=\"#\">Membre<\/a><\/h4>\r\n                                                                    <span>S\u00e9cr\u00e9taire des affaires<\/span>\r\n                                                                                                    <div class=\"team__social-two\">\r\n                                        <ul class=\"list-wrap\">\r\n                                            \r\n                                            \r\n                                            \r\n                                                                                            <li>\r\n                                                    <a href=\"#\"><i class=\"fab fa-facebook-f\"><\/i><\/a>\r\n                                                <\/li>\r\n                                            \r\n                                                                                            <li>\r\n                                                    <a href=\"#\"><i class=\"fab fa-twitter\"><\/i><\/a>\r\n                                                <\/li>\r\n                                            \r\n                                                                                            <li>\r\n                                                    <a href=\"#\"><i class=\"fab fa-instagram\"><\/i><\/a>\r\n                                                <\/li>\r\n                                            \r\n                                                                                            <li>\r\n                                                    <a href=\"#\"><i class=\"fab fa-linkedin-in\"><\/i><\/a>\r\n                                                <\/li>\r\n                                            \r\n                                            \r\n                                            \r\n                                            \r\n                                            \r\n                                            \r\n                                            \r\n                                            \r\n                                                                                    <\/ul>\r\n                                    <\/div>\r\n                                                            <\/div>\r\n                        <\/div>\r\n                    <\/div>\r\n                            <\/div>\r\n\r\n        \r\n\t\t\t\t<\/div>\n\t\t\t\t<\/div>\n\t\t\t\t<\/div>\n\t\t\t\t\t<\/div>\n\t\t\t\t<\/div>\n\t\t\t\t<\/div>\n\t\t","protected":false},"excerpt":{"rendered":"<p>Membre Ambassadeur Membre Attach\u00e9 Membre Conseill\u00e9 Membre S\u00e9cr\u00e9taire des affaires<\/p>\n","protected":false},"author":4,"featured_media":0,"parent":0,"menu_order":0,"comment_status":"closed","ping_status":"closed","template":"elementor_header_footer","meta":{"_acf_changed":false,"_monsterinsights_skip_tracking":false,"_monsterinsights_sitenote_active":false,"_monsterinsights_sitenote_note":"","_monsterinsights_sitenote_category":0,"footnotes":""},"class_list":["post-3980","page","type-page","status-publish","hentry"],"acf":[],"_links":{"self":[{"href":"https:\/\/afrique-sud.diplomatie.gov.bf\/index.php\/wp-json\/wp\/v2\/pages\/3980","targetHints":{"allow":["GET"]}}],"collection":[{"href":"https:\/\/afrique-sud.diplomatie.gov.bf\/index.php\/wp-json\/wp\/v2\/pages"}],"about":[{"href":"https:\/\/afrique-sud.diplomatie.gov.bf\/index.php\/wp-json\/wp\/v2\/types\/page"}],"author":[{"embeddable":true,"href":"https:\/\/afrique-sud.diplomatie.gov.bf\/index.php\/wp-json\/wp\/v2\/users\/4"}],"replies":[{"embeddable":true,"href":"https:\/\/afrique-sud.diplomatie.gov.bf\/index.php\/wp-json\/wp\/v2\/comments?post=3980"}],"version-history":[{"count":90,"href":"https:\/\/afrique-sud.diplomatie.gov.bf\/index.php\/wp-json\/wp\/v2\/pages\/3980\/revisions"}],"predecessor-version":[{"id":5105,"href":"https:\/\/afrique-sud.diplomatie.gov.bf\/index.php\/wp-json\/wp\/v2\/pages\/3980\/revisions\/5105"}],"wp:attachment":[{"href":"https:\/\/afrique-sud.diplomatie.gov.bf\/index.php\/wp-json\/wp\/v2\/media?parent=3980"}],"curies":[{"name":"wp","href":"https:\/\/api.w.org\/{rel}","templated":true}]}}